{"id":6,"date":"2021-02-26T08:41:34","date_gmt":"2021-02-26T05:41:34","guid":{"rendered":"http:\/\/engingruppazarlama.com\/?page_id=6"},"modified":"2021-02-26T13:21:19","modified_gmt":"2021-02-26T10:21:19","slug":"anasayfa","status":"publish","type":"page","link":"https:\/\/engingruppazarlama.com\/","title":{"rendered":"Anasayfa"},"content":{"rendered":"<p>[vc_row full_width=&#8221;stretch_row&#8221;][vc_column]<div id=\"cz_43279\" class=\"cz_43279 cz_image clr cz_image_no_fx center_on_mobile\"><div class=\"\" ><div class=\"cz_image_in\"><div class=\"cz_main_image\"><img width=\"300\" height=\"68\" src=\"https:\/\/engingruppazarlama.com\/wp-content\/uploads\/2021\/02\/engin-grup_logo-300x68.png\" class=\"attachment-medium\" alt=\"\" decoding=\"async\" loading=\"lazy\" srcset=\"https:\/\/engingruppazarlama.com\/wp-content\/uploads\/2021\/02\/engin-grup_logo-300x68.png 300w, https:\/\/engingruppazarlama.com\/wp-content\/uploads\/2021\/02\/engin-grup_logo-1024x233.png 1024w, https:\/\/engingruppazarlama.com\/wp-content\/uploads\/2021\/02\/engin-grup_logo-768x175.png 768w, https:\/\/engingruppazarlama.com\/wp-content\/uploads\/2021\/02\/engin-grup_logo-1536x350.png 1536w, https:\/\/engingruppazarlama.com\/wp-content\/uploads\/2021\/02\/engin-grup_logo-600x137.png 600w, https:\/\/engingruppazarlama.com\/wp-content\/uploads\/2021\/02\/engin-grup_logo.png 1560w\" sizes=\"(max-width: 300px) 100vw, 300px\" \/><\/div><\/div><\/div><\/div><div class=\"cz_gap clr  hide_on_tablet hide_on_mobile\" style=\"height: 100px\"><\/div><div class=\"cz_gap show_on_tablet clr  show_only_tablet\" style=\"height: 75px\"><\/div><div class=\"cz_gap show_on_mobile clr\" style=\"height: 75px\"><\/div><div id=\"cz_60016\" class=\"cz_60016 cz_title clr cz_title_ba_line cz_title_pos_center tac\"><div class=\"cz_title_content\"><div class=\"cz_wpe_content\"><p style=\"line-height: 18px; text-align: center;\"><span style=\"font-size: 42px; font-family: Poppins; color: #4c4c4c;\"><span style=\"font-weight: 200;\">\u0130nternet\u00a0 Sitemiz <\/span><\/span><\/p>\n<p style=\"line-height: 100px; text-align: center;\"><strong><span style=\"font-size: 72px; font-family: Poppins; color: #4c4c4c;\">Yenilendi!<\/span><\/strong><\/p>\n<\/div><div class=\"cz_title_line cz_line_after_title\"><span>_<\/span><\/div><\/div><\/div><div class=\"cz_gap clr \" style=\"height: 50px\"><\/div><div class=\"cz_btn_center\"><div class=\"cz_34440_p\"><a id=\"cz_34440\" class=\"cz_34440 cz_btn cz_btn_txt_no_fx cz_btn_zoom_in\" href=\"http:\/\/www.engingruptr.com\"><span><i class=\"fa czico-018-play-button-4\"><\/i><strong>Yeni Sitemize Gitmek \u0130\u00e7in L\u00fctfen T\u0131klay\u0131n<\/strong><\/span><b class=\"cz_btn_onhover\"><i class=\"fa czico-018-play-button-4\"><\/i><strong>Yeni Sitemize Gitmek \u0130\u00e7in L\u00fctfen T\u0131klay\u0131n<\/strong><\/b><\/a><\/div><\/div>[\/vc_column][\/vc_row]<\/p>\n","protected":false},"excerpt":{"rendered":"<p>[vc_row full_width=&#8221;stretch_row&#8221;][vc_column][\/vc_column][\/vc_row] &#8230; <\/p>\n","protected":false},"author":1,"featured_media":0,"parent":0,"menu_order":0,"comment_status":"closed","ping_status":"closed","template":"","meta":[],"_links":{"self":[{"href":"https:\/\/engingruppazarlama.com\/index.php?rest_route=\/wp\/v2\/pages\/6"}],"collection":[{"href":"https:\/\/engingruppazarlama.com\/index.php?rest_route=\/wp\/v2\/pages"}],"about":[{"href":"https:\/\/engingruppazarlama.com\/index.php?rest_route=\/wp\/v2\/types\/page"}],"author":[{"embeddable":true,"href":"https:\/\/engingruppazarlama.com\/index.php?rest_route=\/wp\/v2\/users\/1"}],"replies":[{"embeddable":true,"href":"https:\/\/engingruppazarlama.com\/index.php?rest_route=%2Fwp%2Fv2%2Fcomments&post=6"}],"version-history":[{"count":9,"href":"https:\/\/engingruppazarlama.com\/index.php?rest_route=\/wp\/v2\/pages\/6\/revisions"}],"predecessor-version":[{"id":23,"href":"https:\/\/engingruppazarlama.com\/index.php?rest_route=\/wp\/v2\/pages\/6\/revisions\/23"}],"wp:attachment":[{"href":"https:\/\/engingruppazarlama.com\/index.php?rest_route=%2Fwp%2Fv2%2Fmedia&parent=6"}],"curies":[{"name":"wp","href":"https:\/\/api.w.org\/{rel}","templated":true}]}}